{"id":522,"date":"2017-03-27T19:38:55","date_gmt":"2017-03-27T19:38:55","guid":{"rendered":"http:\/\/fcim.ca\/?page_id=522"},"modified":"2018-03-19T20:19:40","modified_gmt":"2018-03-19T20:19:40","slug":"short-films-2017","status":"publish","type":"page","link":"https:\/\/fcim.ca\/en\/short-films-2017\/","title":{"rendered":"Short Films from the Ma\u2019ale Film School &#8211; 2017"},"content":{"rendered":"<strong><img decoding=\"async\" loading=\"lazy\" class=\"size-full wp-image-148 alignleft\" src=\"https:\/\/i0.wp.com\/fcim.ca\/wp-content\/uploads\/2015\/04\/maaleh_web_logo.jpg?resize=100%2C150\" alt=\"maaleh_web_logo\" width=\"100\" height=\"150\" data-recalc-dims=\"1\" \/>The Ma\u2019ale School of Television, Film &amp; the Arts is located in the heart of Jerusalem. <\/strong>It is the only film school in the world devoted to exploring the intersection of Judaism and modern life. Ma\u2019ale\u2019s unique, cutting-edge films build bridges across all sectors of the Jewish world, fostering deeper understanding and dialogue between religious and secular Jews. Ma\u2019ale graduates are shaping the future of the Israeli film and television industry, and beyond.<\/p>\n<p><strong><em>The short films will be presented before the feature films.<\/em><\/strong><\/p>\n<p><img decoding=\"async\" loading=\"lazy\" class=\"wp-image-704\" src=\"https:\/\/i0.wp.com\/fcim.ca\/wp-content\/uploads\/2017\/03\/img_gravedigger.jpg?resize=800%2C450\" alt=\"The Gravedigger's Daughter\" width=\"800\" height=\"450\" srcset=\"https:\/\/i0.wp.com\/fcim.ca\/wp-content\/uploads\/2017\/03\/img_gravedigger.jpg?w=800&amp;ssl=1 800w, https:\/\/i0.wp.com\/fcim.ca\/wp-content\/uploads\/2017\/03\/img_gravedigger.jpg?resize=150%2C84&amp;ssl=1 150w, https:\/\/i0.wp.com\/fcim.ca\/wp-content\/uploads\/2017\/03\/img_gravedigger.jpg?resize=300%2C169&amp;ssl=1 300w, https:\/\/i0.wp.com\/fcim.ca\/wp-content\/uploads\/2017\/03\/img_gravedigger.jpg?resize=768%2C432&amp;ssl=1 768w\" sizes=\"(max-width: 800px) 100vw, 800px\" data-recalc-dims=\"1\" \/><\/p>\n<h2 class=\"entry-title\">The Gravedigger&#8217;s Daughter<\/h2>\n<p>Drama, 2016, <strong>17 min<\/strong>, Israel<br \/>\n<strong>V.O. Hebrew,\u00a0 English S.T.<\/strong><\/p>\n<p>Esther\u2019s father was a gravedigger who in his last will and testament left only one significant request: that one of his sons continue with his profession. None of his sons have the slightest interest in doing so. Esther is the only daughter in this traditional \u2018Sephardic\u2019 North African home, and embarks upon a struggle to carry on her father\u2019s legacy of humility and kindness over the objections of her family and community.\u00a0A feminist film with a twist of graveyard humor.<\/p>\n<p>&nbsp;<\/p>\n<p><img decoding=\"async\" loading=\"lazy\" class=\"wp-image-705\" src=\"https:\/\/i0.wp.com\/fcim.ca\/wp-content\/uploads\/2017\/03\/img_biographie.jpg?resize=800%2C450\" alt=\"Biography\" width=\"800\" height=\"450\" srcset=\"https:\/\/i0.wp.com\/fcim.ca\/wp-content\/uploads\/2017\/03\/img_biographie.jpg?w=800&amp;ssl=1 800w, https:\/\/i0.wp.com\/fcim.ca\/wp-content\/uploads\/2017\/03\/img_biographie.jpg?resize=150%2C84&amp;ssl=1 150w, https:\/\/i0.wp.com\/fcim.ca\/wp-content\/uploads\/2017\/03\/img_biographie.jpg?resize=300%2C169&amp;ssl=1 300w, https:\/\/i0.wp.com\/fcim.ca\/wp-content\/uploads\/2017\/03\/img_biographie.jpg?resize=768%2C432&amp;ssl=1 768w\" sizes=\"(max-width: 800px) 100vw, 800px\" data-recalc-dims=\"1\" \/><\/p>\n<h2 class=\"entry-title\">Biography<\/h2>\n<p>Experimental, 2016, <strong>20 min<\/strong>, Israel<br \/>\n<strong>V.O. Hebrew,\u00a0 English S.T.<\/strong><\/p>\n<p>Miriam, an elderly war widow tormented by her young husband\u2019s death, surrounds herself with archival recordings and writes his biography in her crumbling apartment. Though she wishes only to be left alone to complete her task, her aggressive neighbors, hungry to evict her, have other ideas.<\/p>\n<p>&nbsp;<\/p>\n<p><img decoding=\"async\" loading=\"lazy\" class=\"wp-image-707\" src=\"https:\/\/i0.wp.com\/fcim.ca\/wp-content\/uploads\/2017\/03\/img_taken.jpg?resize=800%2C450\" alt=\"Taken\" width=\"800\" height=\"450\" srcset=\"https:\/\/i0.wp.com\/fcim.ca\/wp-content\/uploads\/2017\/03\/img_taken.jpg?w=800&amp;ssl=1 800w, https:\/\/i0.wp.com\/fcim.ca\/wp-content\/uploads\/2017\/03\/img_taken.jpg?resize=150%2C84&amp;ssl=1 150w, https:\/\/i0.wp.com\/fcim.ca\/wp-content\/uploads\/2017\/03\/img_taken.jpg?resize=300%2C169&amp;ssl=1 300w, https:\/\/i0.wp.com\/fcim.ca\/wp-content\/uploads\/2017\/03\/img_taken.jpg?resize=768%2C432&amp;ssl=1 768w\" sizes=\"(max-width: 800px) 100vw, 800px\" data-recalc-dims=\"1\" \/><\/p>\n<h2 class=\"entry-title\">Taken<\/h2>\n<p>Drama, 2016, <strong>14 min<\/strong>, Israel<br \/>\n<strong>V.O. Hebrew,\u00a0 English S.T.<\/strong><\/p>\n<p>Pretty young Yuval imprisons the man who once sexually assaulted her in her apartment. A dark and dramatic game ensues in which the outcome is less critical than Yuval\u2019s realization that, as a rape victim, she is the one who will always be a hostage.<\/p>\n<p>&nbsp;<\/p>\n<p><img decoding=\"async\" loading=\"lazy\" class=\"wp-image-708\" src=\"https:\/\/i0.wp.com\/fcim.ca\/wp-content\/uploads\/2017\/03\/img_coldwater.jpg?resize=800%2C450\" alt=\"Cold Water\" width=\"800\" height=\"450\" srcset=\"https:\/\/i0.wp.com\/fcim.ca\/wp-content\/uploads\/2017\/03\/img_coldwater.jpg?w=800&amp;ssl=1 800w, https:\/\/i0.wp.com\/fcim.ca\/wp-content\/uploads\/2017\/03\/img_coldwater.jpg?resize=150%2C84&amp;ssl=1 150w, https:\/\/i0.wp.com\/fcim.ca\/wp-content\/uploads\/2017\/03\/img_coldwater.jpg?resize=300%2C169&amp;ssl=1 300w, https:\/\/i0.wp.com\/fcim.ca\/wp-content\/uploads\/2017\/03\/img_coldwater.jpg?resize=768%2C432&amp;ssl=1 768w\" sizes=\"(max-width: 800px) 100vw, 800px\" data-recalc-dims=\"1\" \/><\/p>\n<h2 class=\"entry-title\">Cold Water<\/h2>\n<p>Documentaire, 2016, <strong>20 min<\/strong>, Israel<br \/>\n<strong>V.O. Hebrew,\u00a0 English S.T.<\/strong><\/p>\n<p>A young girl\u2019s search for the father who abandoned her as a child leads her to his present home and the discovery that he is now an ultra-Orthodox Jew.<\/p>\n<p>&nbsp;<\/p>\n<p><img decoding=\"async\" loading=\"lazy\" class=\"wp-image-709\" src=\"https:\/\/i0.wp.com\/fcim.ca\/wp-content\/uploads\/2017\/03\/img_girl.jpg?resize=800%2C450\" alt=\"The Girl\" width=\"800\" height=\"450\" srcset=\"https:\/\/i0.wp.com\/fcim.ca\/wp-content\/uploads\/2017\/03\/img_girl.jpg?w=800&amp;ssl=1 800w, https:\/\/i0.wp.com\/fcim.ca\/wp-content\/uploads\/2017\/03\/img_girl.jpg?resize=150%2C84&amp;ssl=1 150w, https:\/\/i0.wp.com\/fcim.ca\/wp-content\/uploads\/2017\/03\/img_girl.jpg?resize=300%2C169&amp;ssl=1 300w, https:\/\/i0.wp.com\/fcim.ca\/wp-content\/uploads\/2017\/03\/img_girl.jpg?resize=768%2C432&amp;ssl=1 768w\" sizes=\"(max-width: 800px) 100vw, 800px\" data-recalc-dims=\"1\" \/><\/p>\n<h2 class=\"entry-title\">The Girl<\/h2>\n<p>Drama, 2015, <strong>10 min<\/strong>, Israel<br \/>\n<strong>V.O. Hebrew,\u00a0 English S.T.<\/strong><\/p>\n<p>Dafna, a social worker, pays a visit to Esti, the single mother of a little girl. Dafna must deal with the agonizing decision of whether or not Esti is a fit mother for her child. If not, the child will be taken into state custody.<\/p>\n<p>&nbsp;<\/p>\n<p><img decoding=\"async\" loading=\"lazy\" class=\"wp-image-710\" src=\"https:\/\/i0.wp.com\/fcim.ca\/wp-content\/uploads\/2017\/03\/img_11m.jpg?resize=800%2C450\" alt=\"11 Minutes\" width=\"800\" height=\"450\" srcset=\"https:\/\/i0.wp.com\/fcim.ca\/wp-content\/uploads\/2017\/03\/img_11m.jpg?w=800&amp;ssl=1 800w, https:\/\/i0.wp.com\/fcim.ca\/wp-content\/uploads\/2017\/03\/img_11m.jpg?resize=150%2C84&amp;ssl=1 150w, https:\/\/i0.wp.com\/fcim.ca\/wp-content\/uploads\/2017\/03\/img_11m.jpg?resize=300%2C169&amp;ssl=1 300w, https:\/\/i0.wp.com\/fcim.ca\/wp-content\/uploads\/2017\/03\/img_11m.jpg?resize=768%2C432&amp;ssl=1 768w\" sizes=\"(max-width: 800px) 100vw, 800px\" data-recalc-dims=\"1\" \/><\/p>\n<h2 class=\"entry-title\">11 Minutes<\/h2>\n<p>Drama, 2015, <strong>19 min<\/strong>, Israel<br \/>\n<strong>V.O. Hebrew,\u00a0 English S.T.<\/strong><\/p>\n<p>A military ambulance is called to evacuate a seriously wounded young soldier and bring him to a helicopter pad where he will be taken to hospital. Aboard the ambulance is a staff of three young soldiers, one of whom is Karen, a young female paramedic on her first tour of duty. Faced with life and death decisions in the ambulance, Karen will either succeed in bringing her emotions and fears under control \u2014 or fail, and be responsible for the death of a fellow soldier.<\/p>\n<p>&nbsp;","protected":false},"excerpt":{"rendered":"<p>The Ma\u2019ale School of Television, Film &amp; the Arts is located in the heart of Jerusalem. It is the only film school in the world devoted to exploring the intersection of Judaism and modern life. Ma\u2019ale\u2019s unique, cutting-edge films build bridges across all sectors of the Jewish world, fostering deeper understanding and dialogue between religious and secular Jews. Ma\u2019ale graduates\u2026<\/p>\n<p class=\"continue-reading-button\"> <a class=\"continue-reading-link\" href=\"https:\/\/fcim.ca\/en\/short-films-2017\/\">Read more<i class=\"crycon-right-dir\"><\/i><\/a><\/p>\n","protected":false},"author":1,"featured_media":0,"parent":0,"menu_order":0,"comment_status":"closed","ping_status":"closed","template":"","meta":{"_mi_skip_tracking":false,"_monsterinsights_sitenote_active":false,"_monsterinsights_sitenote_note":"","_monsterinsights_sitenote_category":0,"jetpack_post_was_ever_published":false},"yoast_head":"<!-- This site is optimized with the Yoast SEO plugin v20.13 - https:\/\/yoast.com\/wordpress\/plugins\/seo\/ -->\n<title>Short Films from the Ma\u2019ale Film School - 2017 - Israeli Film Festival of Montreal<\/title>\n<meta name=\"robots\" content=\"index, follow, max-snippet:-1, max-image-preview:large, max-video-preview:-1\" \/>\n<link rel=\"canonical\" href=\"https:\/\/fcim.ca\/short-films-2017\/\" \/>\n<meta property=\"og:locale\" content=\"en_US\" \/>\n<meta property=\"og:type\" content=\"article\" \/>\n<meta property=\"og:title\" content=\"[:fr]Courts-m\u00e9trages de l\u2019\u00c9cole de film Ma\u2019ale - 2017[:en]Short Films from the Ma\u2019ale Film School - 2017[:] - Israeli Film Festival of Montreal\" \/>\n<meta property=\"og:description\" content=\"The Ma\u2019ale School of Television, Film &amp; the Arts is located in the heart of Jerusalem. It is the only film school in the world devoted to exploring the intersection of Judaism and modern life. Ma\u2019ale\u2019s unique, cutting-edge films build bridges across all sectors of the Jewish world, fostering deeper understanding and dialogue between religious and secular Jews. Ma\u2019ale graduates\u2026 Read more\" \/>\n<meta property=\"og:url\" content=\"https:\/\/fcim.ca\/short-films-2017\/\" \/>\n<meta property=\"og:site_name\" content=\"Israeli Film Festival of Montreal\" \/>\n<meta property=\"article:publisher\" content=\"https:\/\/www.facebook.com\/Festival.cinema.israelien.mtl\" \/>\n<meta property=\"article:modified_time\" content=\"2018-03-19T20:19:40+00:00\" \/>\n<meta property=\"og:image\" content=\"http:\/\/fcim.ca\/wp-content\/uploads\/2015\/04\/maaleh_web_logo.jpg\" \/>\n<meta name=\"twitter:card\" content=\"summary_large_image\" \/>\n<meta name=\"twitter:label1\" content=\"Est. reading time\" \/>\n\t<meta name=\"twitter:data1\" content=\"5 minutes\" \/>\n<script type=\"application\/ld+json\" class=\"yoast-schema-graph\">{\"@context\":\"https:\/\/schema.org\",\"@graph\":[{\"@type\":\"WebPage\",\"@id\":\"https:\/\/fcim.ca\/short-films-2017\/\",\"url\":\"https:\/\/fcim.ca\/short-films-2017\/\",\"name\":\"[:fr]Courts-m\u00e9trages de l\u2019\u00c9cole de film Ma\u2019ale - 2017[:en]Short Films from the Ma\u2019ale Film School - 2017[:] - Israeli Film Festival of Montreal\",\"isPartOf\":{\"@id\":\"https:\/\/fcim.ca\/#website\"},\"datePublished\":\"2017-03-27T19:38:55+00:00\",\"dateModified\":\"2018-03-19T20:19:40+00:00\",\"breadcrumb\":{\"@id\":\"https:\/\/fcim.ca\/short-films-2017\/#breadcrumb\"},\"inLanguage\":\"en-US\",\"potentialAction\":[{\"@type\":\"ReadAction\",\"target\":[\"https:\/\/fcim.ca\/short-films-2017\/\"]}]},{\"@type\":\"BreadcrumbList\",\"@id\":\"https:\/\/fcim.ca\/short-films-2017\/#breadcrumb\",\"itemListElement\":[{\"@type\":\"ListItem\",\"position\":1,\"name\":\"Home\",\"item\":\"https:\/\/fcim.ca\/\"},{\"@type\":\"ListItem\",\"position\":2,\"name\":\"Courts-m\u00e9trages de l\u2019\u00c9cole de film Ma\u2019ale &#8211; 2017\"}]},{\"@type\":\"WebSite\",\"@id\":\"https:\/\/fcim.ca\/#website\",\"url\":\"https:\/\/fcim.ca\/\",\"name\":\"Israeli Film Festival of Montreal\",\"description\":\"Through its themes, the Israeli Film Festival of Montreal aims to be an event that enriches the spectator, encourages the Unified Sephardic Community of Quebec to maintain this essential event in Montreal&#039;s cultural life.\",\"publisher\":{\"@id\":\"https:\/\/fcim.ca\/#organization\"},\"alternateName\":\"FCIM\",\"potentialAction\":[{\"@type\":\"SearchAction\",\"target\":{\"@type\":\"EntryPoint\",\"urlTemplate\":\"https:\/\/fcim.ca\/?s={search_term_string}\"},\"query-input\":\"required name=search_term_string\"}],\"inLanguage\":\"en-US\"},{\"@type\":\"Organization\",\"@id\":\"https:\/\/fcim.ca\/#organization\",\"name\":\"Festival du cin\u00e9ma isra\u00e9lien de Montr\u00e9al\",\"alternateName\":\"FCIM\",\"url\":\"https:\/\/fcim.ca\/\",\"logo\":{\"@type\":\"ImageObject\",\"inLanguage\":\"en-US\",\"@id\":\"https:\/\/fcim.ca\/#\/schema\/logo\/image\/\",\"url\":\"https:\/\/i0.wp.com\/fcim.ca\/wp-content\/uploads\/2023\/08\/logo_fcim_mono.png?fit=1200%2C589&ssl=1\",\"contentUrl\":\"https:\/\/i0.wp.com\/fcim.ca\/wp-content\/uploads\/2023\/08\/logo_fcim_mono.png?fit=1200%2C589&ssl=1\",\"width\":1200,\"height\":589,\"caption\":\"Festival du cin\u00e9ma isra\u00e9lien de Montr\u00e9al\"},\"image\":{\"@id\":\"https:\/\/fcim.ca\/#\/schema\/logo\/image\/\"},\"sameAs\":[\"https:\/\/www.facebook.com\/Festival.cinema.israelien.mtl\",\"https:\/\/www.instagram.com\/festival.cinema.israelien.mtl\/\"]}]}<\/script>\n<!-- \/ Yoast SEO plugin. -->","yoast_head_json":{"title":"[:fr]Courts-m\u00e9trages de l\u2019\u00c9cole de film Ma\u2019ale - 2017[:en]Short Films from the Ma\u2019ale Film School - 2017[:] - Israeli Film Festival of Montreal","robots":{"index":"index","follow":"follow","max-snippet":"max-snippet:-1","max-image-preview":"max-image-preview:large","max-video-preview":"max-video-preview:-1"},"canonical":"https:\/\/fcim.ca\/short-films-2017\/","og_locale":"en_US","og_type":"article","og_title":"[:fr]Courts-m\u00e9trages de l\u2019\u00c9cole de film Ma\u2019ale - 2017[:en]Short Films from the Ma\u2019ale Film School - 2017[:] - Israeli Film Festival of Montreal","og_description":"The Ma\u2019ale School of Television, Film &amp; the Arts is located in the heart of Jerusalem. It is the only film school in the world devoted to exploring the intersection of Judaism and modern life. Ma\u2019ale\u2019s unique, cutting-edge films build bridges across all sectors of the Jewish world, fostering deeper understanding and dialogue between religious and secular Jews. Ma\u2019ale graduates\u2026 Read more","og_url":"https:\/\/fcim.ca\/short-films-2017\/","og_site_name":"Israeli Film Festival of Montreal","article_publisher":"https:\/\/www.facebook.com\/Festival.cinema.israelien.mtl","article_modified_time":"2018-03-19T20:19:40+00:00","og_image":[{"url":"http:\/\/fcim.ca\/wp-content\/uploads\/2015\/04\/maaleh_web_logo.jpg"}],"twitter_card":"summary_large_image","twitter_misc":{"Est. reading time":"5 minutes"},"schema":{"@context":"https:\/\/schema.org","@graph":[{"@type":"WebPage","@id":"https:\/\/fcim.ca\/short-films-2017\/","url":"https:\/\/fcim.ca\/short-films-2017\/","name":"[:fr]Courts-m\u00e9trages de l\u2019\u00c9cole de film Ma\u2019ale - 2017[:en]Short Films from the Ma\u2019ale Film School - 2017[:] - Israeli Film Festival of Montreal","isPartOf":{"@id":"https:\/\/fcim.ca\/#website"},"datePublished":"2017-03-27T19:38:55+00:00","dateModified":"2018-03-19T20:19:40+00:00","breadcrumb":{"@id":"https:\/\/fcim.ca\/short-films-2017\/#breadcrumb"},"inLanguage":"en-US","potentialAction":[{"@type":"ReadAction","target":["https:\/\/fcim.ca\/short-films-2017\/"]}]},{"@type":"BreadcrumbList","@id":"https:\/\/fcim.ca\/short-films-2017\/#breadcrumb","itemListElement":[{"@type":"ListItem","position":1,"name":"Home","item":"https:\/\/fcim.ca\/"},{"@type":"ListItem","position":2,"name":"Courts-m\u00e9trages de l\u2019\u00c9cole de film Ma\u2019ale &#8211; 2017"}]},{"@type":"WebSite","@id":"https:\/\/fcim.ca\/#website","url":"https:\/\/fcim.ca\/","name":"Israeli Film Festival of Montreal","description":"Through its themes, the Israeli Film Festival of Montreal aims to be an event that enriches the spectator, encourages the Unified Sephardic Community of Quebec to maintain this essential event in Montreal&#039;s cultural life.","publisher":{"@id":"https:\/\/fcim.ca\/#organization"},"alternateName":"FCIM","potentialAction":[{"@type":"SearchAction","target":{"@type":"EntryPoint","urlTemplate":"https:\/\/fcim.ca\/?s={search_term_string}"},"query-input":"required name=search_term_string"}],"inLanguage":"en-US"},{"@type":"Organization","@id":"https:\/\/fcim.ca\/#organization","name":"Festival du cin\u00e9ma isra\u00e9lien de Montr\u00e9al","alternateName":"FCIM","url":"https:\/\/fcim.ca\/","logo":{"@type":"ImageObject","inLanguage":"en-US","@id":"https:\/\/fcim.ca\/#\/schema\/logo\/image\/","url":"https:\/\/i0.wp.com\/fcim.ca\/wp-content\/uploads\/2023\/08\/logo_fcim_mono.png?fit=1200%2C589&ssl=1","contentUrl":"https:\/\/i0.wp.com\/fcim.ca\/wp-content\/uploads\/2023\/08\/logo_fcim_mono.png?fit=1200%2C589&ssl=1","width":1200,"height":589,"caption":"Festival du cin\u00e9ma isra\u00e9lien de Montr\u00e9al"},"image":{"@id":"https:\/\/fcim.ca\/#\/schema\/logo\/image\/"},"sameAs":["https:\/\/www.facebook.com\/Festival.cinema.israelien.mtl","https:\/\/www.instagram.com\/festival.cinema.israelien.mtl\/"]}]}},"jetpack_sharing_enabled":true,"jetpack_shortlink":"https:\/\/wp.me\/P67WrL-8q","_links":{"self":[{"href":"https:\/\/fcim.ca\/en\/wp-json\/wp\/v2\/pages\/522"}],"collection":[{"href":"https:\/\/fcim.ca\/en\/wp-json\/wp\/v2\/pages"}],"about":[{"href":"https:\/\/fcim.ca\/en\/wp-json\/wp\/v2\/types\/page"}],"author":[{"embeddable":true,"href":"https:\/\/fcim.ca\/en\/wp-json\/wp\/v2\/users\/1"}],"replies":[{"embeddable":true,"href":"https:\/\/fcim.ca\/en\/wp-json\/wp\/v2\/comments?post=522"}],"version-history":[{"count":14,"href":"https:\/\/fcim.ca\/en\/wp-json\/wp\/v2\/pages\/522\/revisions"}],"predecessor-version":[{"id":1119,"href":"https:\/\/fcim.ca\/en\/wp-json\/wp\/v2\/pages\/522\/revisions\/1119"}],"wp:attachment":[{"href":"https:\/\/fcim.ca\/en\/wp-json\/wp\/v2\/media?parent=522"}],"curies":[{"name":"wp","href":"https:\/\/api.w.org\/{rel}","templated":true}]}}