{"id":378,"date":"2016-04-07T23:05:02","date_gmt":"2016-04-07T23:05:02","guid":{"rendered":"http:\/\/fcim.ca\/?page_id=378"},"modified":"2018-03-28T03:24:57","modified_gmt":"2018-03-28T03:24:57","slug":"fcim-2016","status":"publish","type":"page","link":"https:\/\/fcim.ca\/en\/archives\/fcim-2016\/","title":{"rendered":"FCIM 2016"},"content":{"rendered":"<span class='events-no-events'>En ce moment, il n'y a pas d'\u00e9v\u00e9nements pr\u00e9vus. Se il vous pla\u00eet essayer de nouveau plus tard.<\/span>\n","protected":false},"excerpt":{"rendered":"<p class=\"continue-reading-button\"> <a class=\"continue-reading-link\" href=\"https:\/\/fcim.ca\/en\/archives\/fcim-2016\/\">Read more<i class=\"crycon-right-dir\"><\/i><\/a><\/p>\n","protected":false},"author":1,"featured_media":0,"parent":352,"menu_order":0,"comment_status":"closed","ping_status":"closed","template":"","meta":{"_mi_skip_tracking":false,"_monsterinsights_sitenote_active":false,"_monsterinsights_sitenote_note":"","_monsterinsights_sitenote_category":0,"jetpack_post_was_ever_published":false},"yoast_head":"<!-- This site is optimized with the Yoast SEO plugin v20.13 - https:\/\/yoast.com\/wordpress\/plugins\/seo\/ -->\n<title>FCIM 2016 - Israeli Film Festival of Montreal<\/title>\n<meta name=\"robots\" content=\"index, follow, max-snippet:-1, max-image-preview:large, max-video-preview:-1\" \/>\n<link rel=\"canonical\" href=\"https:\/\/fcim.ca\/archives\/fcim-2016\/\" \/>\n<meta property=\"og:locale\" content=\"en_US\" \/>\n<meta property=\"og:type\" content=\"article\" \/>\n<meta property=\"og:title\" content=\"FCIM 2016 - Israeli Film Festival of Montreal\" \/>\n<meta property=\"og:description\" content=\"Read more\" \/>\n<meta property=\"og:url\" content=\"https:\/\/fcim.ca\/archives\/fcim-2016\/\" \/>\n<meta property=\"og:site_name\" content=\"Israeli Film Festival of Montreal\" \/>\n<meta property=\"article:publisher\" content=\"https:\/\/www.facebook.com\/Festival.cinema.israelien.mtl\" \/>\n<meta property=\"article:modified_time\" content=\"2018-03-28T03:24:57+00:00\" \/>\n<meta property=\"og:image\" content=\"https:\/\/i0.wp.com\/fcim.ca\/wp-content\/uploads\/2023\/08\/social-image_fcim.png?fit=1200%2C675&ssl=1\" \/>\n\t<meta property=\"og:image:width\" content=\"1200\" \/>\n\t<meta property=\"og:image:height\" content=\"675\" \/>\n\t<meta property=\"og:image:type\" content=\"image\/png\" \/>\n<meta name=\"twitter:card\" content=\"summary_large_image\" \/>\n<script type=\"application\/ld+json\" class=\"yoast-schema-graph\">{\"@context\":\"https:\/\/schema.org\",\"@graph\":[{\"@type\":\"WebPage\",\"@id\":\"https:\/\/fcim.ca\/archives\/fcim-2016\/\",\"url\":\"https:\/\/fcim.ca\/archives\/fcim-2016\/\",\"name\":\"FCIM 2016 - Israeli Film Festival of Montreal\",\"isPartOf\":{\"@id\":\"https:\/\/fcim.ca\/#website\"},\"datePublished\":\"2016-04-07T23:05:02+00:00\",\"dateModified\":\"2018-03-28T03:24:57+00:00\",\"breadcrumb\":{\"@id\":\"https:\/\/fcim.ca\/archives\/fcim-2016\/#breadcrumb\"},\"inLanguage\":\"en-US\",\"potentialAction\":[{\"@type\":\"ReadAction\",\"target\":[\"https:\/\/fcim.ca\/archives\/fcim-2016\/\"]}]},{\"@type\":\"BreadcrumbList\",\"@id\":\"https:\/\/fcim.ca\/archives\/fcim-2016\/#breadcrumb\",\"itemListElement\":[{\"@type\":\"ListItem\",\"position\":1,\"name\":\"Home\",\"item\":\"https:\/\/fcim.ca\/\"},{\"@type\":\"ListItem\",\"position\":2,\"name\":\"Archives\",\"item\":\"https:\/\/fcim.ca\/archives\/\"},{\"@type\":\"ListItem\",\"position\":3,\"name\":\"FCIM 2016\"}]},{\"@type\":\"WebSite\",\"@id\":\"https:\/\/fcim.ca\/#website\",\"url\":\"https:\/\/fcim.ca\/\",\"name\":\"Israeli Film Festival of Montreal\",\"description\":\"Through its themes, the Israeli Film Festival of Montreal aims to be an event that enriches the spectator, encourages the Unified Sephardic Community of Quebec to maintain this essential event in Montreal&#039;s cultural life.\",\"publisher\":{\"@id\":\"https:\/\/fcim.ca\/#organization\"},\"alternateName\":\"FCIM\",\"potentialAction\":[{\"@type\":\"SearchAction\",\"target\":{\"@type\":\"EntryPoint\",\"urlTemplate\":\"https:\/\/fcim.ca\/?s={search_term_string}\"},\"query-input\":\"required name=search_term_string\"}],\"inLanguage\":\"en-US\"},{\"@type\":\"Organization\",\"@id\":\"https:\/\/fcim.ca\/#organization\",\"name\":\"Festival du cin\u00e9ma isra\u00e9lien de Montr\u00e9al\",\"alternateName\":\"FCIM\",\"url\":\"https:\/\/fcim.ca\/\",\"logo\":{\"@type\":\"ImageObject\",\"inLanguage\":\"en-US\",\"@id\":\"https:\/\/fcim.ca\/#\/schema\/logo\/image\/\",\"url\":\"https:\/\/i0.wp.com\/fcim.ca\/wp-content\/uploads\/2023\/08\/logo_fcim_mono.png?fit=1200%2C589&ssl=1\",\"contentUrl\":\"https:\/\/i0.wp.com\/fcim.ca\/wp-content\/uploads\/2023\/08\/logo_fcim_mono.png?fit=1200%2C589&ssl=1\",\"width\":1200,\"height\":589,\"caption\":\"Festival du cin\u00e9ma isra\u00e9lien de Montr\u00e9al\"},\"image\":{\"@id\":\"https:\/\/fcim.ca\/#\/schema\/logo\/image\/\"},\"sameAs\":[\"https:\/\/www.facebook.com\/Festival.cinema.israelien.mtl\",\"https:\/\/www.instagram.com\/festival.cinema.israelien.mtl\/\"]}]}<\/script>\n<!-- \/ Yoast SEO plugin. -->","yoast_head_json":{"title":"FCIM 2016 - Israeli Film Festival of Montreal","robots":{"index":"index","follow":"follow","max-snippet":"max-snippet:-1","max-image-preview":"max-image-preview:large","max-video-preview":"max-video-preview:-1"},"canonical":"https:\/\/fcim.ca\/archives\/fcim-2016\/","og_locale":"en_US","og_type":"article","og_title":"FCIM 2016 - Israeli Film Festival of Montreal","og_description":"Read more","og_url":"https:\/\/fcim.ca\/archives\/fcim-2016\/","og_site_name":"Israeli Film Festival of Montreal","article_publisher":"https:\/\/www.facebook.com\/Festival.cinema.israelien.mtl","article_modified_time":"2018-03-28T03:24:57+00:00","og_image":[{"width":1200,"height":675,"url":"https:\/\/i0.wp.com\/fcim.ca\/wp-content\/uploads\/2023\/08\/social-image_fcim.png?fit=1200%2C675&ssl=1","type":"image\/png"}],"twitter_card":"summary_large_image","schema":{"@context":"https:\/\/schema.org","@graph":[{"@type":"WebPage","@id":"https:\/\/fcim.ca\/archives\/fcim-2016\/","url":"https:\/\/fcim.ca\/archives\/fcim-2016\/","name":"FCIM 2016 - Israeli Film Festival of Montreal","isPartOf":{"@id":"https:\/\/fcim.ca\/#website"},"datePublished":"2016-04-07T23:05:02+00:00","dateModified":"2018-03-28T03:24:57+00:00","breadcrumb":{"@id":"https:\/\/fcim.ca\/archives\/fcim-2016\/#breadcrumb"},"inLanguage":"en-US","potentialAction":[{"@type":"ReadAction","target":["https:\/\/fcim.ca\/archives\/fcim-2016\/"]}]},{"@type":"BreadcrumbList","@id":"https:\/\/fcim.ca\/archives\/fcim-2016\/#breadcrumb","itemListElement":[{"@type":"ListItem","position":1,"name":"Home","item":"https:\/\/fcim.ca\/"},{"@type":"ListItem","position":2,"name":"Archives","item":"https:\/\/fcim.ca\/archives\/"},{"@type":"ListItem","position":3,"name":"FCIM 2016"}]},{"@type":"WebSite","@id":"https:\/\/fcim.ca\/#website","url":"https:\/\/fcim.ca\/","name":"Israeli Film Festival of Montreal","description":"Through its themes, the Israeli Film Festival of Montreal aims to be an event that enriches the spectator, encourages the Unified Sephardic Community of Quebec to maintain this essential event in Montreal&#039;s cultural life.","publisher":{"@id":"https:\/\/fcim.ca\/#organization"},"alternateName":"FCIM","potentialAction":[{"@type":"SearchAction","target":{"@type":"EntryPoint","urlTemplate":"https:\/\/fcim.ca\/?s={search_term_string}"},"query-input":"required name=search_term_string"}],"inLanguage":"en-US"},{"@type":"Organization","@id":"https:\/\/fcim.ca\/#organization","name":"Festival du cin\u00e9ma isra\u00e9lien de Montr\u00e9al","alternateName":"FCIM","url":"https:\/\/fcim.ca\/","logo":{"@type":"ImageObject","inLanguage":"en-US","@id":"https:\/\/fcim.ca\/#\/schema\/logo\/image\/","url":"https:\/\/i0.wp.com\/fcim.ca\/wp-content\/uploads\/2023\/08\/logo_fcim_mono.png?fit=1200%2C589&ssl=1","contentUrl":"https:\/\/i0.wp.com\/fcim.ca\/wp-content\/uploads\/2023\/08\/logo_fcim_mono.png?fit=1200%2C589&ssl=1","width":1200,"height":589,"caption":"Festival du cin\u00e9ma isra\u00e9lien de Montr\u00e9al"},"image":{"@id":"https:\/\/fcim.ca\/#\/schema\/logo\/image\/"},"sameAs":["https:\/\/www.facebook.com\/Festival.cinema.israelien.mtl","https:\/\/www.instagram.com\/festival.cinema.israelien.mtl\/"]}]}},"jetpack_sharing_enabled":true,"jetpack_shortlink":"https:\/\/wp.me\/P67WrL-66","_links":{"self":[{"href":"https:\/\/fcim.ca\/en\/wp-json\/wp\/v2\/pages\/378"}],"collection":[{"href":"https:\/\/fcim.ca\/en\/wp-json\/wp\/v2\/pages"}],"about":[{"href":"https:\/\/fcim.ca\/en\/wp-json\/wp\/v2\/types\/page"}],"author":[{"embeddable":true,"href":"https:\/\/fcim.ca\/en\/wp-json\/wp\/v2\/users\/1"}],"replies":[{"embeddable":true,"href":"https:\/\/fcim.ca\/en\/wp-json\/wp\/v2\/comments?post=378"}],"version-history":[{"count":2,"href":"https:\/\/fcim.ca\/en\/wp-json\/wp\/v2\/pages\/378\/revisions"}],"predecessor-version":[{"id":387,"href":"https:\/\/fcim.ca\/en\/wp-json\/wp\/v2\/pages\/378\/revisions\/387"}],"up":[{"embeddable":true,"href":"https:\/\/fcim.ca\/en\/wp-json\/wp\/v2\/pages\/352"}],"wp:attachment":[{"href":"https:\/\/fcim.ca\/en\/wp-json\/wp\/v2\/media?parent=378"}],"curies":[{"name":"wp","href":"https:\/\/api.w.org\/{rel}","templated":true}]}}