{"id":2833,"date":"2020-05-08T22:06:32","date_gmt":"2020-05-08T22:06:32","guid":{"rendered":"http:\/\/fcim.ca\/?page_id=2833"},"modified":"2022-01-24T04:23:31","modified_gmt":"2022-01-24T04:23:31","slug":"classics","status":"publish","type":"page","link":"https:\/\/fcim.ca\/en\/classics\/","title":{"rendered":"CLASSICS"},"content":{"rendered":"Program 2022 coming soon<\/p>\n<p><!--\n\n<div class=\"liste-film note\">Please click on the title of each film to get all the information about the film<\/div>\n\n\n\n[eme_events scope=2021-01-01--2021-12-31 limit=0 notcategory=10+29 category=39]-->","protected":false},"excerpt":{"rendered":"<p>Program 2022 coming soon<\/p>\n<p class=\"continue-reading-button\"> <a class=\"continue-reading-link\" href=\"https:\/\/fcim.ca\/en\/classics\/\">Read more<i class=\"crycon-right-dir\"><\/i><\/a><\/p>\n","protected":false},"author":1,"featured_media":0,"parent":0,"menu_order":0,"comment_status":"closed","ping_status":"closed","template":"templates\/template-onecolumn.php","meta":{"_mi_skip_tracking":false,"_monsterinsights_sitenote_active":false,"_monsterinsights_sitenote_note":"","_monsterinsights_sitenote_category":0,"jetpack_post_was_ever_published":false},"yoast_head":"<!-- This site is optimized with the Yoast SEO plugin v20.13 - https:\/\/yoast.com\/wordpress\/plugins\/seo\/ -->\n<title>CLASSICS - Israeli Film Festival of Montreal<\/title>\n<meta name=\"robots\" content=\"index, follow, max-snippet:-1, max-image-preview:large, max-video-preview:-1\" \/>\n<link rel=\"canonical\" href=\"https:\/\/fcim.ca\/classics\/\" \/>\n<meta property=\"og:locale\" content=\"en_US\" \/>\n<meta property=\"og:type\" content=\"article\" \/>\n<meta property=\"og:title\" content=\"[:fr]CLASSIQUES[:en]CLASSICS[:] - Israeli Film Festival of Montreal\" \/>\n<meta property=\"og:description\" content=\"Program 2022 coming soon Read more\" \/>\n<meta property=\"og:url\" content=\"https:\/\/fcim.ca\/classics\/\" \/>\n<meta property=\"og:site_name\" content=\"Israeli Film Festival of Montreal\" \/>\n<meta property=\"article:publisher\" content=\"https:\/\/www.facebook.com\/Festival.cinema.israelien.mtl\" \/>\n<meta property=\"article:modified_time\" content=\"2022-01-24T04:23:31+00:00\" \/>\n<meta property=\"og:image\" content=\"https:\/\/i0.wp.com\/fcim.ca\/wp-content\/uploads\/2023\/08\/social-image_fcim.png?fit=1200%2C675&ssl=1\" \/>\n\t<meta property=\"og:image:width\" content=\"1200\" \/>\n\t<meta property=\"og:image:height\" content=\"675\" \/>\n\t<meta property=\"og:image:type\" content=\"image\/png\" \/>\n<meta name=\"twitter:card\" content=\"summary_large_image\" \/>\n<script type=\"application\/ld+json\" class=\"yoast-schema-graph\">{\"@context\":\"https:\/\/schema.org\",\"@graph\":[{\"@type\":\"WebPage\",\"@id\":\"https:\/\/fcim.ca\/classics\/\",\"url\":\"https:\/\/fcim.ca\/classics\/\",\"name\":\"[:fr]CLASSIQUES[:en]CLASSICS[:] - Israeli Film Festival of Montreal\",\"isPartOf\":{\"@id\":\"https:\/\/fcim.ca\/#website\"},\"datePublished\":\"2020-05-08T22:06:32+00:00\",\"dateModified\":\"2022-01-24T04:23:31+00:00\",\"breadcrumb\":{\"@id\":\"https:\/\/fcim.ca\/classics\/#breadcrumb\"},\"inLanguage\":\"en-US\",\"potentialAction\":[{\"@type\":\"ReadAction\",\"target\":[\"https:\/\/fcim.ca\/classics\/\"]}]},{\"@type\":\"BreadcrumbList\",\"@id\":\"https:\/\/fcim.ca\/classics\/#breadcrumb\",\"itemListElement\":[{\"@type\":\"ListItem\",\"position\":1,\"name\":\"Home\",\"item\":\"https:\/\/fcim.ca\/\"},{\"@type\":\"ListItem\",\"position\":2,\"name\":\"CLASSIQUES\"}]},{\"@type\":\"WebSite\",\"@id\":\"https:\/\/fcim.ca\/#website\",\"url\":\"https:\/\/fcim.ca\/\",\"name\":\"Israeli Film Festival of Montreal\",\"description\":\"Through its themes, the Israeli Film Festival of Montreal aims to be an event that enriches the spectator, encourages the Unified Sephardic Community of Quebec to maintain this essential event in Montreal&#039;s cultural life.\",\"publisher\":{\"@id\":\"https:\/\/fcim.ca\/#organization\"},\"alternateName\":\"FCIM\",\"potentialAction\":[{\"@type\":\"SearchAction\",\"target\":{\"@type\":\"EntryPoint\",\"urlTemplate\":\"https:\/\/fcim.ca\/?s={search_term_string}\"},\"query-input\":\"required name=search_term_string\"}],\"inLanguage\":\"en-US\"},{\"@type\":\"Organization\",\"@id\":\"https:\/\/fcim.ca\/#organization\",\"name\":\"Festival du cin\u00e9ma isra\u00e9lien de Montr\u00e9al\",\"alternateName\":\"FCIM\",\"url\":\"https:\/\/fcim.ca\/\",\"logo\":{\"@type\":\"ImageObject\",\"inLanguage\":\"en-US\",\"@id\":\"https:\/\/fcim.ca\/#\/schema\/logo\/image\/\",\"url\":\"https:\/\/i0.wp.com\/fcim.ca\/wp-content\/uploads\/2023\/08\/logo_fcim_mono.png?fit=1200%2C589&ssl=1\",\"contentUrl\":\"https:\/\/i0.wp.com\/fcim.ca\/wp-content\/uploads\/2023\/08\/logo_fcim_mono.png?fit=1200%2C589&ssl=1\",\"width\":1200,\"height\":589,\"caption\":\"Festival du cin\u00e9ma isra\u00e9lien de Montr\u00e9al\"},\"image\":{\"@id\":\"https:\/\/fcim.ca\/#\/schema\/logo\/image\/\"},\"sameAs\":[\"https:\/\/www.facebook.com\/Festival.cinema.israelien.mtl\",\"https:\/\/www.instagram.com\/festival.cinema.israelien.mtl\/\"]}]}<\/script>\n<!-- \/ Yoast SEO plugin. -->","yoast_head_json":{"title":"[:fr]CLASSIQUES[:en]CLASSICS[:] - Israeli Film Festival of Montreal","robots":{"index":"index","follow":"follow","max-snippet":"max-snippet:-1","max-image-preview":"max-image-preview:large","max-video-preview":"max-video-preview:-1"},"canonical":"https:\/\/fcim.ca\/classics\/","og_locale":"en_US","og_type":"article","og_title":"[:fr]CLASSIQUES[:en]CLASSICS[:] - Israeli Film Festival of Montreal","og_description":"Program 2022 coming soon Read more","og_url":"https:\/\/fcim.ca\/classics\/","og_site_name":"Israeli Film Festival of Montreal","article_publisher":"https:\/\/www.facebook.com\/Festival.cinema.israelien.mtl","article_modified_time":"2022-01-24T04:23:31+00:00","og_image":[{"width":1200,"height":675,"url":"https:\/\/i0.wp.com\/fcim.ca\/wp-content\/uploads\/2023\/08\/social-image_fcim.png?fit=1200%2C675&ssl=1","type":"image\/png"}],"twitter_card":"summary_large_image","schema":{"@context":"https:\/\/schema.org","@graph":[{"@type":"WebPage","@id":"https:\/\/fcim.ca\/classics\/","url":"https:\/\/fcim.ca\/classics\/","name":"[:fr]CLASSIQUES[:en]CLASSICS[:] - Israeli Film Festival of Montreal","isPartOf":{"@id":"https:\/\/fcim.ca\/#website"},"datePublished":"2020-05-08T22:06:32+00:00","dateModified":"2022-01-24T04:23:31+00:00","breadcrumb":{"@id":"https:\/\/fcim.ca\/classics\/#breadcrumb"},"inLanguage":"en-US","potentialAction":[{"@type":"ReadAction","target":["https:\/\/fcim.ca\/classics\/"]}]},{"@type":"BreadcrumbList","@id":"https:\/\/fcim.ca\/classics\/#breadcrumb","itemListElement":[{"@type":"ListItem","position":1,"name":"Home","item":"https:\/\/fcim.ca\/"},{"@type":"ListItem","position":2,"name":"CLASSIQUES"}]},{"@type":"WebSite","@id":"https:\/\/fcim.ca\/#website","url":"https:\/\/fcim.ca\/","name":"Israeli Film Festival of Montreal","description":"Through its themes, the Israeli Film Festival of Montreal aims to be an event that enriches the spectator, encourages the Unified Sephardic Community of Quebec to maintain this essential event in Montreal&#039;s cultural life.","publisher":{"@id":"https:\/\/fcim.ca\/#organization"},"alternateName":"FCIM","potentialAction":[{"@type":"SearchAction","target":{"@type":"EntryPoint","urlTemplate":"https:\/\/fcim.ca\/?s={search_term_string}"},"query-input":"required name=search_term_string"}],"inLanguage":"en-US"},{"@type":"Organization","@id":"https:\/\/fcim.ca\/#organization","name":"Festival du cin\u00e9ma isra\u00e9lien de Montr\u00e9al","alternateName":"FCIM","url":"https:\/\/fcim.ca\/","logo":{"@type":"ImageObject","inLanguage":"en-US","@id":"https:\/\/fcim.ca\/#\/schema\/logo\/image\/","url":"https:\/\/i0.wp.com\/fcim.ca\/wp-content\/uploads\/2023\/08\/logo_fcim_mono.png?fit=1200%2C589&ssl=1","contentUrl":"https:\/\/i0.wp.com\/fcim.ca\/wp-content\/uploads\/2023\/08\/logo_fcim_mono.png?fit=1200%2C589&ssl=1","width":1200,"height":589,"caption":"Festival du cin\u00e9ma isra\u00e9lien de Montr\u00e9al"},"image":{"@id":"https:\/\/fcim.ca\/#\/schema\/logo\/image\/"},"sameAs":["https:\/\/www.facebook.com\/Festival.cinema.israelien.mtl","https:\/\/www.instagram.com\/festival.cinema.israelien.mtl\/"]}]}},"jetpack_sharing_enabled":true,"jetpack_shortlink":"https:\/\/wp.me\/P67WrL-JH","_links":{"self":[{"href":"https:\/\/fcim.ca\/en\/wp-json\/wp\/v2\/pages\/2833"}],"collection":[{"href":"https:\/\/fcim.ca\/en\/wp-json\/wp\/v2\/pages"}],"about":[{"href":"https:\/\/fcim.ca\/en\/wp-json\/wp\/v2\/types\/page"}],"author":[{"embeddable":true,"href":"https:\/\/fcim.ca\/en\/wp-json\/wp\/v2\/users\/1"}],"replies":[{"embeddable":true,"href":"https:\/\/fcim.ca\/en\/wp-json\/wp\/v2\/comments?post=2833"}],"version-history":[{"count":7,"href":"https:\/\/fcim.ca\/en\/wp-json\/wp\/v2\/pages\/2833\/revisions"}],"predecessor-version":[{"id":16092,"href":"https:\/\/fcim.ca\/en\/wp-json\/wp\/v2\/pages\/2833\/revisions\/16092"}],"wp:attachment":[{"href":"https:\/\/fcim.ca\/en\/wp-json\/wp\/v2\/media?parent=2833"}],"curies":[{"name":"wp","href":"https:\/\/api.w.org\/{rel}","templated":true}]}}