{"id":18092,"date":"2022-02-20T02:09:38","date_gmt":"2022-02-20T02:09:38","guid":{"rendered":"http:\/\/fcim.ca\/?page_id=18092"},"modified":"2023-09-21T19:08:04","modified_gmt":"2023-09-21T19:08:04","slug":"documentaries","status":"publish","type":"page","link":"https:\/\/fcim.ca\/en\/documentaries\/","title":{"rendered":"Documentaries"},"content":{"rendered":"<div class=\"liste-film note\">Please click on the title of each film to get all the information about the film<\/div>\n<ul class='eme_events_list'><div style=\"width:100%\">\r\n\r\n<hr style=\"margin-top:11px\">\r\n\r\n<div class=\"list-left\" style=\"float:left;padding-bottom:10px;height:auto;width:60%\">\r\n\r\n\r\n<span class=\"date-time-2\">\r\n<\/span>\r\n<span class=\"ic-loc\"><strong><i class=\"wp-svg-mobile mobile\"><\/i><\/strong><\/span><strong>Online. Limited number of views.<\/strong>\r\n<br>\r\n<span><\/span>\r\n<br>\r\n<span><\/span>\r\n<br>\r\n<span class=\"date-time\"><strong><span style=\"text-transform:capitalize\">Tuesday<\/span>, 31 October 2023 - 00:00<\/strong><br \/><\/span>\r\n<span class=\"title\" style=\"font-size:1.3em\"><strong><a href='https:\/\/fcim.ca\/events\/closed-circuit\/?lang=en' title='CLOSED CIRCUIT \u2013 BE&#039; MA&#039; AGAL SAGOUR '>CLOSED CIRCUIT \u2013 BE&#039; MA&#039; AGAL SAGOUR <\/a><\/strong><br \/><\/span>\r\n<span class=\"stitle\"><\/span>\r\n<br>\r\n\r\n<br \/>\r\nTal Inbar\r\n\r\n<br \/>\r\n\r\n<span>Documentary<\/span>, 54 min, \r\n \r\n\r\n Israel\r\n\r\n\r\n(2022)\r\n\r\n<br \/>\r\n\r\n<span style=\"color: #fff;background: #D4AF37;margin-top: 15px;padding: 4px 9px 3px 10px;font-weight:bold;font-size:11px;text-transform:uppercase\" class=\"span-box\">IN COMPETITION<\/span>\r\n\r\n\r\n\r\n<br \/>\r\n\r\n<span style=\"margin-top: 15px;padding: 2px 6px 2px 0;font-size:13px\">\r\nV.O. Hebrew, S.T. English\u00a0\r\n<\/span><br>\r\n\r\n<p class=\"sponsors-film\">Sponsored by<br><strong>La Fondation de la Famille Nezri<\/strong><\/p>\r\n<br>\r\n\r\n<br>\r\n\r\n\r\n\r\n<\/div>\r\n\r\n<div class=\"list-right\" style=\"float:right\">\r\n\r\n<a href=\"https:\/\/fcim.ca\/events\/closed-circuit\/?lang=en\"><img width=\"210\" height=\"300\" src=\"https:\/\/i0.wp.com\/fcim.ca\/wp-content\/uploads\/2023\/08\/poster_10Closed-Circuit_2.jpg?fit=210%2C300&amp;ssl=1\" class=\"eme_event_image\" alt=\"Closed Circuit\" decoding=\"async\" loading=\"lazy\" srcset=\"https:\/\/i0.wp.com\/fcim.ca\/wp-content\/uploads\/2023\/08\/poster_10Closed-Circuit_2.jpg?w=300&amp;ssl=1 300w, https:\/\/i0.wp.com\/fcim.ca\/wp-content\/uploads\/2023\/08\/poster_10Closed-Circuit_2.jpg?resize=210%2C300&amp;ssl=1 210w, https:\/\/i0.wp.com\/fcim.ca\/wp-content\/uploads\/2023\/08\/poster_10Closed-Circuit_2.jpg?resize=105%2C150&amp;ssl=1 105w\" sizes=\"(max-width: 210px) 100vw, 210px\" \/><\/a>\r\n<\/div>\r\n\r\n<div class=\"clearfix\"><\/div>\r\n<\/div><div style=\"width:100%\">\r\n\r\n<hr style=\"margin-top:11px\">\r\n\r\n<div class=\"list-left\" style=\"float:left;padding-bottom:10px;height:auto;width:60%\">\r\n\r\n\r\n<span class=\"date-time-2\">\r\n<\/span>\r\n<span class=\"ic-loc\"><strong><i class=\"wp-svg-mobile mobile\"><\/i><\/strong><\/span><strong>Online. Limited number of views.<\/strong>\r\n<br>\r\n<span><\/span>\r\n<br>\r\n<span><\/span>\r\n<br>\r\n<span class=\"date-time\"><strong><span style=\"text-transform:capitalize\">Wednesday<\/span>, 1 November 2023 - 00:00<\/strong><br \/><\/span>\r\n<span class=\"title\" style=\"font-size:1.3em\"><strong><a href='https:\/\/fcim.ca\/events\/sabotage\/?lang=en' title=' SABOTAGE \u2013 HAVELANOT'> SABOTAGE \u2013 HAVELANOT<\/a><\/strong><br \/><\/span>\r\n<span class=\"stitle\"><\/span>\r\n<br>\r\n\r\n<br \/>\r\nNoa Aharoni\r\n\r\n<br \/>\r\n\r\n<span>Documentary<\/span>, 61 min, \r\n \r\n\r\n Israel\r\n\r\n\r\n(2022)\r\n\r\n<br \/>\r\n\r\n<span style=\"color: #fff;background: #D4AF37;margin-top: 15px;padding: 4px 9px 3px 10px;font-weight:bold;font-size:11px;text-transform:uppercase\" class=\"span-box\">IN COMPETITION<\/span>\r\n\r\n\r\n\r\n<br \/>\r\n\r\n<span style=\"margin-top: 15px;padding: 2px 6px 2px 0;font-size:13px\">\r\nV.O. Hebrew, S.T. English\u00a0\r\n<\/span><br>\r\n\r\n<p class=\"sponsors-film\">Sponsored by<br><strong>The Montreal Holocaust Museum<\/strong><\/p>\r\n<br>\r\n\r\n<br>\r\n\r\n\r\n\r\n<\/div>\r\n\r\n<div class=\"list-right\" style=\"float:right\">\r\n\r\n<a href=\"https:\/\/fcim.ca\/events\/sabotage\/?lang=en\"><img width=\"212\" height=\"300\" src=\"https:\/\/i0.wp.com\/fcim.ca\/wp-content\/uploads\/2023\/08\/poster_09Sabotage_2.jpg?fit=212%2C300&amp;ssl=1\" class=\"eme_event_image\" alt=\"Sabotage\" decoding=\"async\" loading=\"lazy\" srcset=\"https:\/\/i0.wp.com\/fcim.ca\/wp-content\/uploads\/2023\/08\/poster_09Sabotage_2.jpg?w=300&amp;ssl=1 300w, https:\/\/i0.wp.com\/fcim.ca\/wp-content\/uploads\/2023\/08\/poster_09Sabotage_2.jpg?resize=212%2C300&amp;ssl=1 212w, https:\/\/i0.wp.com\/fcim.ca\/wp-content\/uploads\/2023\/08\/poster_09Sabotage_2.jpg?resize=106%2C150&amp;ssl=1 106w\" sizes=\"(max-width: 212px) 100vw, 212px\" \/><\/a>\r\n<\/div>\r\n\r\n<div class=\"clearfix\"><\/div>\r\n<\/div><div style=\"width:100%\">\r\n\r\n<hr style=\"margin-top:11px\">\r\n\r\n<div class=\"list-left\" style=\"float:left;padding-bottom:10px;height:auto;width:60%\">\r\n\r\n\r\n<span class=\"date-time-2\">\r\n<\/span>\r\n<span class=\"ic-loc\"><strong><i class=\"wp-svg-mobile mobile\"><\/i><\/strong><\/span><strong>Online. Limited number of views.<\/strong>\r\n<br>\r\n<span><\/span>\r\n<br>\r\n<span><\/span>\r\n<br>\r\n<span class=\"date-time\"><strong><span style=\"text-transform:capitalize\">Wednesday<\/span>, 1 November 2023 - 00:00<\/strong><br \/><\/span>\r\n<span class=\"title\" style=\"font-size:1.3em\"><strong><a href='https:\/\/fcim.ca\/events\/savoy\/?lang=en' title=' SAVOY \u2013 MALON SAVOY'> SAVOY \u2013 MALON SAVOY<\/a><\/strong><br \/><\/span>\r\n<span class=\"stitle\"><\/span>\r\n<br>\r\n\r\n<br \/>\r\nZohar Wagner\r\n\r\n<br \/>\r\n\r\n<span>Docu-drama<\/span>, 78 min, \r\n \r\n\r\n Israel\r\n\r\n\r\n(2022)\r\n\r\n<br \/>\r\n\r\n<span style=\"color: #fff;background: #D4AF37;margin-top: 15px;padding: 4px 9px 3px 10px;font-weight:bold;font-size:11px;text-transform:uppercase\" class=\"span-box\">IN COMPETITION<\/span>\r\n\r\n\r\n\r\n<br \/>\r\n\r\n<span style=\"margin-top: 15px;padding: 2px 6px 2px 0;font-size:13px\">\r\nV.O. Hebrew, S.T. English\u00a0\r\n<\/span><br>\r\n\r\n<p class=\"sponsors-film\">Sponsored by<br><strong>Canadian Magen David Adom<\/strong><\/p>\r\n<br>\r\n\r\n<br>\r\n\r\n\r\n\r\n<\/div>\r\n\r\n<div class=\"list-right\" style=\"float:right\">\r\n\r\n<a href=\"https:\/\/fcim.ca\/events\/savoy\/?lang=en\"><img width=\"210\" height=\"300\" src=\"https:\/\/i0.wp.com\/fcim.ca\/wp-content\/uploads\/2023\/08\/poster_08Savoy_2.jpg?fit=210%2C300&amp;ssl=1\" class=\"eme_event_image\" alt=\"Savoy\" decoding=\"async\" loading=\"lazy\" srcset=\"https:\/\/i0.wp.com\/fcim.ca\/wp-content\/uploads\/2023\/08\/poster_08Savoy_2.jpg?w=300&amp;ssl=1 300w, https:\/\/i0.wp.com\/fcim.ca\/wp-content\/uploads\/2023\/08\/poster_08Savoy_2.jpg?resize=210%2C300&amp;ssl=1 210w, https:\/\/i0.wp.com\/fcim.ca\/wp-content\/uploads\/2023\/08\/poster_08Savoy_2.jpg?resize=105%2C150&amp;ssl=1 105w\" sizes=\"(max-width: 210px) 100vw, 210px\" \/><\/a>\r\n<\/div>\r\n\r\n<div class=\"clearfix\"><\/div>\r\n<\/div><\/ul>","protected":false},"excerpt":{"rendered":"<p>Please click on the title of each film to get all the information about the film<\/p>\n<p class=\"continue-reading-button\"> <a class=\"continue-reading-link\" href=\"https:\/\/fcim.ca\/en\/documentaries\/\">Read more<i class=\"crycon-right-dir\"><\/i><\/a><\/p>\n","protected":false},"author":1,"featured_media":0,"parent":0,"menu_order":0,"comment_status":"closed","ping_status":"closed","template":"templates\/template-onecolumn.php","meta":{"_mi_skip_tracking":false,"_monsterinsights_sitenote_active":false,"_monsterinsights_sitenote_note":"","_monsterinsights_sitenote_category":0,"jetpack_post_was_ever_published":false},"yoast_head":"<!-- This site is optimized with the Yoast SEO plugin v20.13 - https:\/\/yoast.com\/wordpress\/plugins\/seo\/ -->\n<title>Documentaries - Israeli Film Festival of Montreal<\/title>\n<meta name=\"robots\" content=\"index, follow, max-snippet:-1, max-image-preview:large, max-video-preview:-1\" \/>\n<link rel=\"canonical\" href=\"https:\/\/fcim.ca\/documentaries\/\" \/>\n<meta property=\"og:locale\" content=\"en_US\" \/>\n<meta property=\"og:type\" content=\"article\" \/>\n<meta property=\"og:title\" content=\"[:fr]Documentaires[:en]Documentaries[:] - Israeli Film Festival of Montreal\" \/>\n<meta property=\"og:description\" content=\"Please click on the title of each film to get all the information about the film Read more\" \/>\n<meta property=\"og:url\" content=\"https:\/\/fcim.ca\/documentaries\/\" \/>\n<meta property=\"og:site_name\" content=\"Israeli Film Festival of Montreal\" \/>\n<meta property=\"article:publisher\" content=\"https:\/\/www.facebook.com\/Festival.cinema.israelien.mtl\" \/>\n<meta property=\"article:modified_time\" content=\"2023-09-21T19:08:04+00:00\" \/>\n<meta property=\"og:image\" content=\"https:\/\/i0.wp.com\/fcim.ca\/wp-content\/uploads\/2023\/08\/social-image_fcim.png?fit=1200%2C675&ssl=1\" \/>\n\t<meta property=\"og:image:width\" content=\"1200\" \/>\n\t<meta property=\"og:image:height\" content=\"675\" \/>\n\t<meta property=\"og:image:type\" content=\"image\/png\" \/>\n<meta name=\"twitter:card\" content=\"summary_large_image\" \/>\n<meta name=\"twitter:label1\" content=\"Est. reading time\" \/>\n\t<meta name=\"twitter:data1\" content=\"1 minute\" \/>\n<script type=\"application\/ld+json\" class=\"yoast-schema-graph\">{\"@context\":\"https:\/\/schema.org\",\"@graph\":[{\"@type\":\"WebPage\",\"@id\":\"https:\/\/fcim.ca\/documentaries\/\",\"url\":\"https:\/\/fcim.ca\/documentaries\/\",\"name\":\"[:fr]Documentaires[:en]Documentaries[:] - Israeli Film Festival of Montreal\",\"isPartOf\":{\"@id\":\"https:\/\/fcim.ca\/#website\"},\"datePublished\":\"2022-02-20T02:09:38+00:00\",\"dateModified\":\"2023-09-21T19:08:04+00:00\",\"breadcrumb\":{\"@id\":\"https:\/\/fcim.ca\/documentaries\/#breadcrumb\"},\"inLanguage\":\"en-US\",\"potentialAction\":[{\"@type\":\"ReadAction\",\"target\":[\"https:\/\/fcim.ca\/documentaries\/\"]}]},{\"@type\":\"BreadcrumbList\",\"@id\":\"https:\/\/fcim.ca\/documentaries\/#breadcrumb\",\"itemListElement\":[{\"@type\":\"ListItem\",\"position\":1,\"name\":\"Home\",\"item\":\"https:\/\/fcim.ca\/\"},{\"@type\":\"ListItem\",\"position\":2,\"name\":\"[:fr]Documentaires[:en]Documentaries[:]\"}]},{\"@type\":\"WebSite\",\"@id\":\"https:\/\/fcim.ca\/#website\",\"url\":\"https:\/\/fcim.ca\/\",\"name\":\"Israeli Film Festival of Montreal\",\"description\":\"Through its themes, the Israeli Film Festival of Montreal aims to be an event that enriches the spectator, encourages the Unified Sephardic Community of Quebec to maintain this essential event in Montreal&#039;s cultural life.\",\"publisher\":{\"@id\":\"https:\/\/fcim.ca\/#organization\"},\"alternateName\":\"FCIM\",\"potentialAction\":[{\"@type\":\"SearchAction\",\"target\":{\"@type\":\"EntryPoint\",\"urlTemplate\":\"https:\/\/fcim.ca\/?s={search_term_string}\"},\"query-input\":\"required name=search_term_string\"}],\"inLanguage\":\"en-US\"},{\"@type\":\"Organization\",\"@id\":\"https:\/\/fcim.ca\/#organization\",\"name\":\"Festival du cin\u00e9ma isra\u00e9lien de Montr\u00e9al\",\"alternateName\":\"FCIM\",\"url\":\"https:\/\/fcim.ca\/\",\"logo\":{\"@type\":\"ImageObject\",\"inLanguage\":\"en-US\",\"@id\":\"https:\/\/fcim.ca\/#\/schema\/logo\/image\/\",\"url\":\"https:\/\/i0.wp.com\/fcim.ca\/wp-content\/uploads\/2023\/08\/logo_fcim_mono.png?fit=1200%2C589&ssl=1\",\"contentUrl\":\"https:\/\/i0.wp.com\/fcim.ca\/wp-content\/uploads\/2023\/08\/logo_fcim_mono.png?fit=1200%2C589&ssl=1\",\"width\":1200,\"height\":589,\"caption\":\"Festival du cin\u00e9ma isra\u00e9lien de Montr\u00e9al\"},\"image\":{\"@id\":\"https:\/\/fcim.ca\/#\/schema\/logo\/image\/\"},\"sameAs\":[\"https:\/\/www.facebook.com\/Festival.cinema.israelien.mtl\",\"https:\/\/www.instagram.com\/festival.cinema.israelien.mtl\/\"]}]}<\/script>\n<!-- \/ Yoast SEO plugin. -->","yoast_head_json":{"title":"[:fr]Documentaires[:en]Documentaries[:] - Israeli Film Festival of Montreal","robots":{"index":"index","follow":"follow","max-snippet":"max-snippet:-1","max-image-preview":"max-image-preview:large","max-video-preview":"max-video-preview:-1"},"canonical":"https:\/\/fcim.ca\/documentaries\/","og_locale":"en_US","og_type":"article","og_title":"[:fr]Documentaires[:en]Documentaries[:] - Israeli Film Festival of Montreal","og_description":"Please click on the title of each film to get all the information about the film Read more","og_url":"https:\/\/fcim.ca\/documentaries\/","og_site_name":"Israeli Film Festival of Montreal","article_publisher":"https:\/\/www.facebook.com\/Festival.cinema.israelien.mtl","article_modified_time":"2023-09-21T19:08:04+00:00","og_image":[{"width":1200,"height":675,"url":"https:\/\/i0.wp.com\/fcim.ca\/wp-content\/uploads\/2023\/08\/social-image_fcim.png?fit=1200%2C675&ssl=1","type":"image\/png"}],"twitter_card":"summary_large_image","twitter_misc":{"Est. reading time":"1 minute"},"schema":{"@context":"https:\/\/schema.org","@graph":[{"@type":"WebPage","@id":"https:\/\/fcim.ca\/documentaries\/","url":"https:\/\/fcim.ca\/documentaries\/","name":"[:fr]Documentaires[:en]Documentaries[:] - Israeli Film Festival of Montreal","isPartOf":{"@id":"https:\/\/fcim.ca\/#website"},"datePublished":"2022-02-20T02:09:38+00:00","dateModified":"2023-09-21T19:08:04+00:00","breadcrumb":{"@id":"https:\/\/fcim.ca\/documentaries\/#breadcrumb"},"inLanguage":"en-US","potentialAction":[{"@type":"ReadAction","target":["https:\/\/fcim.ca\/documentaries\/"]}]},{"@type":"BreadcrumbList","@id":"https:\/\/fcim.ca\/documentaries\/#breadcrumb","itemListElement":[{"@type":"ListItem","position":1,"name":"Home","item":"https:\/\/fcim.ca\/"},{"@type":"ListItem","position":2,"name":"[:fr]Documentaires[:en]Documentaries[:]"}]},{"@type":"WebSite","@id":"https:\/\/fcim.ca\/#website","url":"https:\/\/fcim.ca\/","name":"Israeli Film Festival of Montreal","description":"Through its themes, the Israeli Film Festival of Montreal aims to be an event that enriches the spectator, encourages the Unified Sephardic Community of Quebec to maintain this essential event in Montreal&#039;s cultural life.","publisher":{"@id":"https:\/\/fcim.ca\/#organization"},"alternateName":"FCIM","potentialAction":[{"@type":"SearchAction","target":{"@type":"EntryPoint","urlTemplate":"https:\/\/fcim.ca\/?s={search_term_string}"},"query-input":"required name=search_term_string"}],"inLanguage":"en-US"},{"@type":"Organization","@id":"https:\/\/fcim.ca\/#organization","name":"Festival du cin\u00e9ma isra\u00e9lien de Montr\u00e9al","alternateName":"FCIM","url":"https:\/\/fcim.ca\/","logo":{"@type":"ImageObject","inLanguage":"en-US","@id":"https:\/\/fcim.ca\/#\/schema\/logo\/image\/","url":"https:\/\/i0.wp.com\/fcim.ca\/wp-content\/uploads\/2023\/08\/logo_fcim_mono.png?fit=1200%2C589&ssl=1","contentUrl":"https:\/\/i0.wp.com\/fcim.ca\/wp-content\/uploads\/2023\/08\/logo_fcim_mono.png?fit=1200%2C589&ssl=1","width":1200,"height":589,"caption":"Festival du cin\u00e9ma isra\u00e9lien de Montr\u00e9al"},"image":{"@id":"https:\/\/fcim.ca\/#\/schema\/logo\/image\/"},"sameAs":["https:\/\/www.facebook.com\/Festival.cinema.israelien.mtl","https:\/\/www.instagram.com\/festival.cinema.israelien.mtl\/"]}]}},"jetpack_sharing_enabled":true,"jetpack_shortlink":"https:\/\/wp.me\/P67WrL-4HO","_links":{"self":[{"href":"https:\/\/fcim.ca\/en\/wp-json\/wp\/v2\/pages\/18092"}],"collection":[{"href":"https:\/\/fcim.ca\/en\/wp-json\/wp\/v2\/pages"}],"about":[{"href":"https:\/\/fcim.ca\/en\/wp-json\/wp\/v2\/types\/page"}],"author":[{"embeddable":true,"href":"https:\/\/fcim.ca\/en\/wp-json\/wp\/v2\/users\/1"}],"replies":[{"embeddable":true,"href":"https:\/\/fcim.ca\/en\/wp-json\/wp\/v2\/comments?post=18092"}],"version-history":[{"count":6,"href":"https:\/\/fcim.ca\/en\/wp-json\/wp\/v2\/pages\/18092\/revisions"}],"predecessor-version":[{"id":65775,"href":"https:\/\/fcim.ca\/en\/wp-json\/wp\/v2\/pages\/18092\/revisions\/65775"}],"wp:attachment":[{"href":"https:\/\/fcim.ca\/en\/wp-json\/wp\/v2\/media?parent=18092"}],"curies":[{"name":"wp","href":"https:\/\/api.w.org\/{rel}","templated":true}]}}